{"id":2966,"date":"2023-07-20T19:36:48","date_gmt":"2023-07-20T19:36:48","guid":{"rendered":"https:\/\/www.marionasbarcelona.com\/producto\/gala-platform\/"},"modified":"2025-06-16T09:16:19","modified_gmt":"2025-06-16T09:16:19","slug":"gala-platform","status":"publish","type":"product","link":"https:\/\/www.marionasbarcelona.com\/es\/producto\/gala-platform\/","title":{"rendered":"GALA PLATFORMA"},"content":{"rendered":"<p><strong>&#8211; TELA:<\/strong> Lienzo hecho de un 70% de algod\u00f3n y un 30 % de lino<\/p>\n<p><strong>&#8211; SUELA:<\/strong> Yute con una capa de goma natural para protecci\u00f3n<\/p>\n<p><strong>&#8211; ALTURA TOTAL: <\/strong>3 cm<\/p>\n<p><strong>&#8211;\u00a0 CUIDADOS<\/strong>: <a href=\"https:\/\/www.marionasbarcelona.com\/treatment\/\" target=\"_blank\" rel=\"noopener\">m\u00e1s informaci\u00f3n<\/a><\/p>\n","protected":false},"excerpt":{"rendered":"<p>GALA PLATFORM es nuestra &#8220;espardenya&#8221; con un poco de altura, una sandalia muy vers\u00e1til, asentada sobre plataforma de yute recubierta de lona. Las trenzas envolventes brindan un ajuste bello y seguro, y se pueden combinar con una amplia gama de atuendos, desde informales hasta elegantes. GALA siempre llega en tonos vibrantes para alegrar tu d\u00eda. Ll\u00e9vala con vestidos o faldas y d\u00e9jate envolver por el ambiente vacacional.<\/p>\n<p>COLOR: Diamante Menta o Hibisco Rosa<\/p>\n<p><strong>ELIGE COLOR Y TALLA PARA VER TODOS LOS PRODUCTOS<\/strong>&hellip; <a class=\"kt-excerpt-readmore\" href=\"https:\/\/www.marionasbarcelona.com\/es\/producto\/gala-platform\/\" aria-label=\"GALA PLATFORMA\">Read More<\/a><\/p>\n","protected":false},"featured_media":3326,"template":"","meta":{"kt_blocks_editor_width":""},"product_cat":[36,43,18],"product_tag":[],"class_list":{"0":"post-2966","1":"product","2":"type-product","3":"status-publish","4":"has-post-thumbnail","6":"product_cat-women","7":"product_cat-platforms","8":"product_cat-see-all","9":"pa_color-rosa","10":"pa_color-verde","12":"first","13":"instock","14":"featured","15":"shipping-taxable","16":"purchasable","17":"product-type-variable"},"yoast_head":"<!-- This site is optimized with the Yoast SEO plugin v22.8 - https:\/\/yoast.com\/wordpress\/plugins\/seo\/ -->\n<title>GALA PLATFORMA - MARIONAS Barcelona<\/title>\n<meta name=\"robots\" content=\"index, follow, max-snippet:-1, max-image-preview:large, max-video-preview:-1\" \/>\n<link rel=\"canonical\" href=\"https:\/\/www.marionasbarcelona.com\/es\/producto\/gala-platform\/\" \/>\n<meta property=\"og:locale\" content=\"es_ES\" \/>\n<meta property=\"og:type\" content=\"article\" \/>\n<meta property=\"og:title\" content=\"GALA PLATFORMA - MARIONAS Barcelona\" \/>\n<meta property=\"og:description\" content=\"GALA PLATFORM es nuestra &quot;espardenya&quot; con un poco de altura, una sandalia muy vers\u00e1til, asentada sobre plataforma de yute recubierta de lona. Las trenzas envolventes brindan un ajuste bello y seguro, y se pueden combinar con una amplia gama de atuendos, desde informales hasta elegantes. GALA siempre llega en tonos vibrantes para alegrar tu d\u00eda. Ll\u00e9vala con vestidos o faldas y d\u00e9jate envolver por el ambiente vacacional.  COLOR: Diamante Menta o Hibisco Rosa  ELIGE COLOR Y TALLA PARA VER TODOS LOS PRODUCTOS&hellip; Read More\" \/>\n<meta property=\"og:url\" content=\"https:\/\/www.marionasbarcelona.com\/es\/producto\/gala-platform\/\" \/>\n<meta property=\"og:site_name\" content=\"MARIONAS Barcelona\" \/>\n<meta property=\"article:modified_time\" content=\"2025-06-16T09:16:19+00:00\" \/>\n<meta property=\"og:image\" content=\"https:\/\/www.marionasbarcelona.com\/wp-content\/uploads\/2023\/07\/Marionas-28855.jpg\" \/>\n\t<meta property=\"og:image:width\" content=\"1920\" \/>\n\t<meta property=\"og:image:height\" content=\"2560\" \/>\n\t<meta property=\"og:image:type\" content=\"image\/jpeg\" \/>\n<meta name=\"twitter:card\" content=\"summary_large_image\" \/>\n<meta name=\"twitter:label1\" content=\"Tiempo de lectura\" \/>\n\t<meta name=\"twitter:data1\" content=\"1 minuto\" \/>\n<script type=\"application\/ld+json\" class=\"yoast-schema-graph\">{\"@context\":\"https:\/\/schema.org\",\"@graph\":[{\"@type\":\"WebPage\",\"@id\":\"https:\/\/www.marionasbarcelona.com\/es\/producto\/gala-platform\/\",\"url\":\"https:\/\/www.marionasbarcelona.com\/es\/producto\/gala-platform\/\",\"name\":\"GALA PLATFORMA - MARIONAS Barcelona\",\"isPartOf\":{\"@id\":\"https:\/\/www.marionasbarcelona.com\/#website\"},\"primaryImageOfPage\":{\"@id\":\"https:\/\/www.marionasbarcelona.com\/es\/producto\/gala-platform\/#primaryimage\"},\"image\":{\"@id\":\"https:\/\/www.marionasbarcelona.com\/es\/producto\/gala-platform\/#primaryimage\"},\"thumbnailUrl\":\"https:\/\/www.marionasbarcelona.com\/wp-content\/uploads\/2023\/07\/Marionas-28855.jpg\",\"datePublished\":\"2023-07-20T19:36:48+00:00\",\"dateModified\":\"2025-06-16T09:16:19+00:00\",\"breadcrumb\":{\"@id\":\"https:\/\/www.marionasbarcelona.com\/es\/producto\/gala-platform\/#breadcrumb\"},\"inLanguage\":\"es\",\"potentialAction\":[{\"@type\":\"ReadAction\",\"target\":[\"https:\/\/www.marionasbarcelona.com\/es\/producto\/gala-platform\/\"]}]},{\"@type\":\"ImageObject\",\"inLanguage\":\"es\",\"@id\":\"https:\/\/www.marionasbarcelona.com\/es\/producto\/gala-platform\/#primaryimage\",\"url\":\"https:\/\/www.marionasbarcelona.com\/wp-content\/uploads\/2023\/07\/Marionas-28855.jpg\",\"contentUrl\":\"https:\/\/www.marionasbarcelona.com\/wp-content\/uploads\/2023\/07\/Marionas-28855.jpg\",\"width\":1920,\"height\":2560},{\"@type\":\"BreadcrumbList\",\"@id\":\"https:\/\/www.marionasbarcelona.com\/es\/producto\/gala-platform\/#breadcrumb\",\"itemListElement\":[{\"@type\":\"ListItem\",\"position\":1,\"name\":\"Portada\",\"item\":\"https:\/\/www.marionasbarcelona.com\/\"},{\"@type\":\"ListItem\",\"position\":2,\"name\":\"SHOP\",\"item\":\"https:\/\/www.marionasbarcelona.com\/shop\/\"},{\"@type\":\"ListItem\",\"position\":3,\"name\":\"GALA PLATFORMA\"}]},{\"@type\":\"WebSite\",\"@id\":\"https:\/\/www.marionasbarcelona.com\/#website\",\"url\":\"https:\/\/www.marionasbarcelona.com\/\",\"name\":\"MARIONAS Barcelona\",\"description\":\"Pr\u00eat \u00e0 couture sandalls\",\"publisher\":{\"@id\":\"https:\/\/www.marionasbarcelona.com\/#\/schema\/person\/d017ea25ab16df0eaff8c35116f22410\"},\"potentialAction\":[{\"@type\":\"SearchAction\",\"target\":{\"@type\":\"EntryPoint\",\"urlTemplate\":\"https:\/\/www.marionasbarcelona.com\/?s={search_term_string}\"},\"query-input\":\"required name=search_term_string\"}],\"inLanguage\":\"es\"},{\"@type\":[\"Person\",\"Organization\"],\"@id\":\"https:\/\/www.marionasbarcelona.com\/#\/schema\/person\/d017ea25ab16df0eaff8c35116f22410\",\"name\":\"MARIONAS barcelona\",\"image\":{\"@type\":\"ImageObject\",\"inLanguage\":\"es\",\"@id\":\"https:\/\/www.marionasbarcelona.com\/#\/schema\/person\/image\/\",\"url\":\"https:\/\/www.marionasbarcelona.com\/wp-content\/uploads\/2023\/01\/LOGO-1.jpg\",\"contentUrl\":\"https:\/\/www.marionasbarcelona.com\/wp-content\/uploads\/2023\/01\/LOGO-1.jpg\",\"width\":303,\"height\":83,\"caption\":\"MARIONAS barcelona\"},\"logo\":{\"@id\":\"https:\/\/www.marionasbarcelona.com\/#\/schema\/person\/image\/\"},\"sameAs\":[\"https:\/\/www.marionasbarcelona.com\"]}]}<\/script>\n<!-- \/ Yoast SEO plugin. -->","yoast_head_json":{"title":"GALA PLATFORMA - MARIONAS Barcelona","robots":{"index":"index","follow":"follow","max-snippet":"max-snippet:-1","max-image-preview":"max-image-preview:large","max-video-preview":"max-video-preview:-1"},"canonical":"https:\/\/www.marionasbarcelona.com\/es\/producto\/gala-platform\/","og_locale":"es_ES","og_type":"article","og_title":"GALA PLATFORMA - MARIONAS Barcelona","og_description":"GALA PLATFORM es nuestra \"espardenya\" con un poco de altura, una sandalia muy vers\u00e1til, asentada sobre plataforma de yute recubierta de lona. Las trenzas envolventes brindan un ajuste bello y seguro, y se pueden combinar con una amplia gama de atuendos, desde informales hasta elegantes. GALA siempre llega en tonos vibrantes para alegrar tu d\u00eda. Ll\u00e9vala con vestidos o faldas y d\u00e9jate envolver por el ambiente vacacional.  COLOR: Diamante Menta o Hibisco Rosa  ELIGE COLOR Y TALLA PARA VER TODOS LOS PRODUCTOS&hellip; Read More","og_url":"https:\/\/www.marionasbarcelona.com\/es\/producto\/gala-platform\/","og_site_name":"MARIONAS Barcelona","article_modified_time":"2025-06-16T09:16:19+00:00","og_image":[{"width":1920,"height":2560,"url":"https:\/\/www.marionasbarcelona.com\/wp-content\/uploads\/2023\/07\/Marionas-28855.jpg","type":"image\/jpeg"}],"twitter_card":"summary_large_image","twitter_misc":{"Tiempo de lectura":"1 minuto"},"schema":{"@context":"https:\/\/schema.org","@graph":[{"@type":"WebPage","@id":"https:\/\/www.marionasbarcelona.com\/es\/producto\/gala-platform\/","url":"https:\/\/www.marionasbarcelona.com\/es\/producto\/gala-platform\/","name":"GALA PLATFORMA - MARIONAS Barcelona","isPartOf":{"@id":"https:\/\/www.marionasbarcelona.com\/#website"},"primaryImageOfPage":{"@id":"https:\/\/www.marionasbarcelona.com\/es\/producto\/gala-platform\/#primaryimage"},"image":{"@id":"https:\/\/www.marionasbarcelona.com\/es\/producto\/gala-platform\/#primaryimage"},"thumbnailUrl":"https:\/\/www.marionasbarcelona.com\/wp-content\/uploads\/2023\/07\/Marionas-28855.jpg","datePublished":"2023-07-20T19:36:48+00:00","dateModified":"2025-06-16T09:16:19+00:00","breadcrumb":{"@id":"https:\/\/www.marionasbarcelona.com\/es\/producto\/gala-platform\/#breadcrumb"},"inLanguage":"es","potentialAction":[{"@type":"ReadAction","target":["https:\/\/www.marionasbarcelona.com\/es\/producto\/gala-platform\/"]}]},{"@type":"ImageObject","inLanguage":"es","@id":"https:\/\/www.marionasbarcelona.com\/es\/producto\/gala-platform\/#primaryimage","url":"https:\/\/www.marionasbarcelona.com\/wp-content\/uploads\/2023\/07\/Marionas-28855.jpg","contentUrl":"https:\/\/www.marionasbarcelona.com\/wp-content\/uploads\/2023\/07\/Marionas-28855.jpg","width":1920,"height":2560},{"@type":"BreadcrumbList","@id":"https:\/\/www.marionasbarcelona.com\/es\/producto\/gala-platform\/#breadcrumb","itemListElement":[{"@type":"ListItem","position":1,"name":"Portada","item":"https:\/\/www.marionasbarcelona.com\/"},{"@type":"ListItem","position":2,"name":"SHOP","item":"https:\/\/www.marionasbarcelona.com\/shop\/"},{"@type":"ListItem","position":3,"name":"GALA PLATFORMA"}]},{"@type":"WebSite","@id":"https:\/\/www.marionasbarcelona.com\/#website","url":"https:\/\/www.marionasbarcelona.com\/","name":"MARIONAS Barcelona","description":"Pr\u00eat \u00e0 couture sandalls","publisher":{"@id":"https:\/\/www.marionasbarcelona.com\/#\/schema\/person\/d017ea25ab16df0eaff8c35116f22410"},"potentialAction":[{"@type":"SearchAction","target":{"@type":"EntryPoint","urlTemplate":"https:\/\/www.marionasbarcelona.com\/?s={search_term_string}"},"query-input":"required name=search_term_string"}],"inLanguage":"es"},{"@type":["Person","Organization"],"@id":"https:\/\/www.marionasbarcelona.com\/#\/schema\/person\/d017ea25ab16df0eaff8c35116f22410","name":"MARIONAS barcelona","image":{"@type":"ImageObject","inLanguage":"es","@id":"https:\/\/www.marionasbarcelona.com\/#\/schema\/person\/image\/","url":"https:\/\/www.marionasbarcelona.com\/wp-content\/uploads\/2023\/01\/LOGO-1.jpg","contentUrl":"https:\/\/www.marionasbarcelona.com\/wp-content\/uploads\/2023\/01\/LOGO-1.jpg","width":303,"height":83,"caption":"MARIONAS barcelona"},"logo":{"@id":"https:\/\/www.marionasbarcelona.com\/#\/schema\/person\/image\/"},"sameAs":["https:\/\/www.marionasbarcelona.com"]}]}},"_links":{"self":[{"href":"https:\/\/www.marionasbarcelona.com\/es\/wp-json\/wp\/v2\/product\/2966","targetHints":{"allow":["GET"]}}],"collection":[{"href":"https:\/\/www.marionasbarcelona.com\/es\/wp-json\/wp\/v2\/product"}],"about":[{"href":"https:\/\/www.marionasbarcelona.com\/es\/wp-json\/wp\/v2\/types\/product"}],"version-history":[{"count":8,"href":"https:\/\/www.marionasbarcelona.com\/es\/wp-json\/wp\/v2\/product\/2966\/revisions"}],"predecessor-version":[{"id":3122,"href":"https:\/\/www.marionasbarcelona.com\/es\/wp-json\/wp\/v2\/product\/2966\/revisions\/3122"}],"wp:featuredmedia":[{"embeddable":true,"href":"https:\/\/www.marionasbarcelona.com\/es\/wp-json\/wp\/v2\/media\/3326"}],"wp:attachment":[{"href":"https:\/\/www.marionasbarcelona.com\/es\/wp-json\/wp\/v2\/media?parent=2966"}],"wp:term":[{"taxonomy":"product_cat","embeddable":true,"href":"https:\/\/www.marionasbarcelona.com\/es\/wp-json\/wp\/v2\/product_cat?post=2966"},{"taxonomy":"product_tag","embeddable":true,"href":"https:\/\/www.marionasbarcelona.com\/es\/wp-json\/wp\/v2\/product_tag?post=2966"}],"curies":[{"name":"wp","href":"https:\/\/api.w.org\/{rel}","templated":true}]}}